{"id":4249,"date":"2022-10-06T15:05:41","date_gmt":"2022-10-06T15:05:41","guid":{"rendered":"https:\/\/agenciabeatcontent.com\/home\/"},"modified":"2023-07-07T12:07:50","modified_gmt":"2023-07-07T12:07:50","slug":"home","status":"publish","type":"page","link":"https:\/\/agenciabeatcontent.com\/ca\/","title":{"rendered":"Home"},"content":{"rendered":"","protected":false},"excerpt":{"rendered":"","protected":false},"author":1,"featured_media":0,"parent":0,"menu_order":0,"comment_status":"closed","ping_status":"open","template":"","meta":{"footnotes":""},"class_list":["post-4249","page","type-page","status-publish","hentry"],"yoast_head":"<!-- This site is optimized with the Yoast SEO plugin v20.11 - https:\/\/yoast.com\/wordpress\/plugins\/seo\/ -->\n<title>Ag\u00e8ncia de comunicaci\u00f3 360 a Barcelona<\/title>\n<meta name=\"description\" content=\"Analitzem les necessitats dels nostres clients dissenyant propostes de comunicaci\u00f3 a mida dels seus objectius.\" \/>\n<meta name=\"robots\" content=\"index, follow, max-snippet:-1, max-image-preview:large, max-video-preview:-1\" \/>\n<link rel=\"canonical\" href=\"https:\/\/agenciabeatcontent.com\/ca\/home\/\" \/>\n<meta property=\"og:locale\" content=\"ca_ES\" \/>\n<meta property=\"og:type\" content=\"article\" \/>\n<meta property=\"og:title\" content=\"Ag\u00e8ncia de comunicaci\u00f3 360 a Barcelona\" \/>\n<meta property=\"og:description\" content=\"Analitzem les necessitats dels nostres clients dissenyant propostes de comunicaci\u00f3 a mida dels seus objectius.\" \/>\n<meta property=\"og:url\" content=\"https:\/\/agenciabeatcontent.com\/ca\/home\/\" \/>\n<meta property=\"og:site_name\" content=\"Beat Content\" \/>\n<meta property=\"article:modified_time\" content=\"2023-07-07T12:07:50+00:00\" \/>\n<meta name=\"twitter:card\" content=\"summary_large_image\" \/>\n<script type=\"application\/ld+json\" class=\"yoast-schema-graph\">{\"@context\":\"https:\/\/schema.org\",\"@graph\":[{\"@type\":\"WebPage\",\"@id\":\"https:\/\/agenciabeatcontent.com\/ca\/home\/\",\"url\":\"https:\/\/agenciabeatcontent.com\/ca\/home\/\",\"name\":\"Ag\u00e8ncia de comunicaci\u00f3 360 a Barcelona\",\"isPartOf\":{\"@id\":\"https:\/\/agenciabeatcontent.com\/#website\"},\"datePublished\":\"2022-10-06T15:05:41+00:00\",\"dateModified\":\"2023-07-07T12:07:50+00:00\",\"description\":\"Analitzem les necessitats dels nostres clients dissenyant propostes de comunicaci\u00f3 a mida dels seus objectius.\",\"breadcrumb\":{\"@id\":\"https:\/\/agenciabeatcontent.com\/ca\/home\/#breadcrumb\"},\"inLanguage\":\"ca\",\"potentialAction\":[{\"@type\":\"ReadAction\",\"target\":[\"https:\/\/agenciabeatcontent.com\/ca\/home\/\"]}]},{\"@type\":\"BreadcrumbList\",\"@id\":\"https:\/\/agenciabeatcontent.com\/ca\/home\/#breadcrumb\",\"itemListElement\":[{\"@type\":\"ListItem\",\"position\":1,\"name\":\"Portada\",\"item\":\"https:\/\/agenciabeatcontent.com\/ca\/home\/\"},{\"@type\":\"ListItem\",\"position\":2,\"name\":\"Home\"}]},{\"@type\":\"WebSite\",\"@id\":\"https:\/\/agenciabeatcontent.com\/#website\",\"url\":\"https:\/\/agenciabeatcontent.com\/\",\"name\":\"Beat Content\",\"description\":\"Agencia de Contenidos\",\"potentialAction\":[{\"@type\":\"SearchAction\",\"target\":{\"@type\":\"EntryPoint\",\"urlTemplate\":\"https:\/\/agenciabeatcontent.com\/?s={search_term_string}\"},\"query-input\":\"required name=search_term_string\"}],\"inLanguage\":\"ca\"}]}<\/script>\n<!-- \/ Yoast SEO plugin. -->","yoast_head_json":{"title":"Ag\u00e8ncia de comunicaci\u00f3 360 a Barcelona","description":"Analitzem les necessitats dels nostres clients dissenyant propostes de comunicaci\u00f3 a mida dels seus objectius.","robots":{"index":"index","follow":"follow","max-snippet":"max-snippet:-1","max-image-preview":"max-image-preview:large","max-video-preview":"max-video-preview:-1"},"canonical":"https:\/\/agenciabeatcontent.com\/ca\/home\/","og_locale":"ca_ES","og_type":"article","og_title":"Ag\u00e8ncia de comunicaci\u00f3 360 a Barcelona","og_description":"Analitzem les necessitats dels nostres clients dissenyant propostes de comunicaci\u00f3 a mida dels seus objectius.","og_url":"https:\/\/agenciabeatcontent.com\/ca\/home\/","og_site_name":"Beat Content","article_modified_time":"2023-07-07T12:07:50+00:00","twitter_card":"summary_large_image","schema":{"@context":"https:\/\/schema.org","@graph":[{"@type":"WebPage","@id":"https:\/\/agenciabeatcontent.com\/ca\/home\/","url":"https:\/\/agenciabeatcontent.com\/ca\/home\/","name":"Ag\u00e8ncia de comunicaci\u00f3 360 a Barcelona","isPartOf":{"@id":"https:\/\/agenciabeatcontent.com\/#website"},"datePublished":"2022-10-06T15:05:41+00:00","dateModified":"2023-07-07T12:07:50+00:00","description":"Analitzem les necessitats dels nostres clients dissenyant propostes de comunicaci\u00f3 a mida dels seus objectius.","breadcrumb":{"@id":"https:\/\/agenciabeatcontent.com\/ca\/home\/#breadcrumb"},"inLanguage":"ca","potentialAction":[{"@type":"ReadAction","target":["https:\/\/agenciabeatcontent.com\/ca\/home\/"]}]},{"@type":"BreadcrumbList","@id":"https:\/\/agenciabeatcontent.com\/ca\/home\/#breadcrumb","itemListElement":[{"@type":"ListItem","position":1,"name":"Portada","item":"https:\/\/agenciabeatcontent.com\/ca\/home\/"},{"@type":"ListItem","position":2,"name":"Home"}]},{"@type":"WebSite","@id":"https:\/\/agenciabeatcontent.com\/#website","url":"https:\/\/agenciabeatcontent.com\/","name":"Beat Content","description":"Agencia de Contenidos","potentialAction":[{"@type":"SearchAction","target":{"@type":"EntryPoint","urlTemplate":"https:\/\/agenciabeatcontent.com\/?s={search_term_string}"},"query-input":"required name=search_term_string"}],"inLanguage":"ca"}]}},"_links":{"self":[{"href":"https:\/\/agenciabeatcontent.com\/ca\/wp-json\/wp\/v2\/pages\/4249","targetHints":{"allow":["GET"]}}],"collection":[{"href":"https:\/\/agenciabeatcontent.com\/ca\/wp-json\/wp\/v2\/pages"}],"about":[{"href":"https:\/\/agenciabeatcontent.com\/ca\/wp-json\/wp\/v2\/types\/page"}],"author":[{"embeddable":true,"href":"https:\/\/agenciabeatcontent.com\/ca\/wp-json\/wp\/v2\/users\/1"}],"replies":[{"embeddable":true,"href":"https:\/\/agenciabeatcontent.com\/ca\/wp-json\/wp\/v2\/comments?post=4249"}],"version-history":[{"count":1,"href":"https:\/\/agenciabeatcontent.com\/ca\/wp-json\/wp\/v2\/pages\/4249\/revisions"}],"predecessor-version":[{"id":4250,"href":"https:\/\/agenciabeatcontent.com\/ca\/wp-json\/wp\/v2\/pages\/4249\/revisions\/4250"}],"wp:attachment":[{"href":"https:\/\/agenciabeatcontent.com\/ca\/wp-json\/wp\/v2\/media?parent=4249"}],"curies":[{"name":"wp","href":"https:\/\/api.w.org\/{rel}","templated":true}]}}